{"id":3388,"date":"2023-01-23T17:09:23","date_gmt":"2023-01-23T17:09:23","guid":{"rendered":"https:\/\/www.mountica.sk\/tatrzanska-lomnica\/"},"modified":"2024-02-18T16:40:06","modified_gmt":"2024-02-18T16:40:06","slug":"tatrzanska-lomnica","status":"publish","type":"page","link":"https:\/\/www.mountica.sk\/pl\/tatrzanska-lomnica\/","title":{"rendered":"Tatrza\u0144ska \u0141omnica"},"content":{"rendered":"\t\t<div data-elementor-type=\"wp-page\" data-elementor-id=\"3388\" class=\"elementor elementor-3388 elementor-97\" data-elementor-post-type=\"page\">\n\t\t\t\t<div class=\"elementor-element elementor-element-45c20ae e-flex e-con-boxed e-con e-parent\" data-id=\"45c20ae\" data-element_type=\"container\" data-settings=\"{&quot;background_background&quot;:&quot;classic&quot;,&quot;background_motion_fx_motion_fx_scrolling&quot;:&quot;yes&quot;,&quot;background_motion_fx_translateY_effect&quot;:&quot;yes&quot;,&quot;background_motion_fx_translateY_speed&quot;:{&quot;unit&quot;:&quot;px&quot;,&quot;size&quot;:5,&quot;sizes&quot;:[]},&quot;background_motion_fx_translateY_affectedRange&quot;:{&quot;unit&quot;:&quot;%&quot;,&quot;size&quot;:&quot;&quot;,&quot;sizes&quot;:{&quot;start&quot;:20,&quot;end&quot;:100}},&quot;background_motion_fx_devices&quot;:[&quot;desktop&quot;,&quot;tablet&quot;,&quot;mobile&quot;]}\">\n\t\t\t\t\t<div class=\"e-con-inner\">\n\t\t<div class=\"elementor-element elementor-element-e782c4b e-con-full e-flex e-con e-child\" data-id=\"e782c4b\" data-element_type=\"container\">\n\t\t\t\t<div class=\"elementor-element elementor-element-febee0b elementor-invisible elementor-widget elementor-widget-heading\" data-id=\"febee0b\" data-element_type=\"widget\" data-settings=\"{&quot;_animation&quot;:&quot;fadeInLeft&quot;}\" data-widget_type=\"heading.default\">\n\t\t\t\t<div class=\"elementor-widget-container\">\n\t\t\t\t\t<h5 class=\"elementor-heading-title elementor-size-default\">TATRY WYSOKIE<\/h5>\t\t\t\t<\/div>\n\t\t\t\t<\/div>\n\t\t\t\t<div class=\"elementor-element elementor-element-abdf1b6 elementor-invisible elementor-widget elementor-widget-heading\" data-id=\"abdf1b6\" data-element_type=\"widget\" data-settings=\"{&quot;_animation&quot;:&quot;fadeInLeft&quot;,&quot;_animation_delay&quot;:200}\" data-widget_type=\"heading.default\">\n\t\t\t\t<div class=\"elementor-widget-container\">\n\t\t\t\t\t<h1 class=\"elementor-heading-title elementor-size-default\">Tatrza\u0144ska \u0141omnica<\/h1>\t\t\t\t<\/div>\n\t\t\t\t<\/div>\n\t\t\t\t<\/div>\n\t\t\t\t\t<\/div>\n\t\t\t\t<\/div>\n\t\t<div class=\"elementor-element elementor-element-b27ee81 e-flex e-con-boxed e-con e-parent\" data-id=\"b27ee81\" data-element_type=\"container\">\n\t\t\t\t\t<div class=\"e-con-inner\">\n\t\t\t\t<div class=\"elementor-element elementor-element-03a54f1 elementor-widget elementor-widget-heading\" data-id=\"03a54f1\" data-element_type=\"widget\" data-widget_type=\"heading.default\">\n\t\t\t\t<div class=\"elementor-widget-container\">\n\t\t\t\t\t<h2 class=\"elementor-heading-title elementor-size-default\">Otwarcie wkr\u00f3tce - obserwuj nas !\n<\/h2>\t\t\t\t<\/div>\n\t\t\t\t<\/div>\n\t\t\t\t<div class=\"elementor-element elementor-element-d125dce elementor-widget elementor-widget-gallery\" data-id=\"d125dce\" data-element_type=\"widget\" data-settings=\"{&quot;columns&quot;:2,&quot;lazyload&quot;:&quot;yes&quot;,&quot;gallery_layout&quot;:&quot;grid&quot;,&quot;columns_tablet&quot;:2,&quot;columns_mobile&quot;:1,&quot;gap&quot;:{&quot;unit&quot;:&quot;px&quot;,&quot;size&quot;:10,&quot;sizes&quot;:[]},&quot;gap_tablet&quot;:{&quot;unit&quot;:&quot;px&quot;,&quot;size&quot;:10,&quot;sizes&quot;:[]},&quot;gap_mobile&quot;:{&quot;unit&quot;:&quot;px&quot;,&quot;size&quot;:10,&quot;sizes&quot;:[]},&quot;link_to&quot;:&quot;file&quot;,&quot;aspect_ratio&quot;:&quot;3:2&quot;,&quot;overlay_background&quot;:&quot;yes&quot;,&quot;content_hover_animation&quot;:&quot;fade-in&quot;}\" data-widget_type=\"gallery.default\">\n\t\t\t\t<div class=\"elementor-widget-container\">\n\t\t\t\t\t\t\t<div class=\"elementor-gallery__container\">\n\t\t\t\t\t\t\t<a class=\"e-gallery-item elementor-gallery-item elementor-animated-content\" href=\"https:\/\/www.mountica.sk\/wp-content\/uploads\/2024\/02\/1.jpg\" data-elementor-open-lightbox=\"yes\" data-elementor-lightbox-slideshow=\"d125dce\" data-elementor-lightbox-title=\"1\" data-e-action-hash=\"#elementor-action%3Aaction%3Dlightbox%26settings%3DeyJpZCI6MzIxNiwidXJsIjoiaHR0cHM6XC9cL3d3dy5tb3VudGljYS5za1wvd3AtY29udGVudFwvdXBsb2Fkc1wvMjAyNFwvMDJcLzEuanBnIiwic2xpZGVzaG93IjoiZDEyNWRjZSJ9\">\n\t\t\t\t\t<div class=\"e-gallery-image elementor-gallery-item__image\" data-thumbnail=\"https:\/\/www.mountica.sk\/wp-content\/uploads\/2024\/02\/1.jpg\" data-width=\"768\" data-height=\"1024\" aria-label=\"\" role=\"img\" ><\/div>\n\t\t\t\t\t\t\t\t\t\t\t<div class=\"elementor-gallery-item__overlay\"><\/div>\n\t\t\t\t\t\t\t\t\t\t\t\t\t\t<\/a>\n\t\t\t\t\t\t\t<a class=\"e-gallery-item elementor-gallery-item elementor-animated-content\" href=\"https:\/\/www.mountica.sk\/wp-content\/uploads\/2024\/02\/2.jpg\" data-elementor-open-lightbox=\"yes\" data-elementor-lightbox-slideshow=\"d125dce\" data-elementor-lightbox-title=\"2\" data-e-action-hash=\"#elementor-action%3Aaction%3Dlightbox%26settings%3DeyJpZCI6MzIxOCwidXJsIjoiaHR0cHM6XC9cL3d3dy5tb3VudGljYS5za1wvd3AtY29udGVudFwvdXBsb2Fkc1wvMjAyNFwvMDJcLzIuanBnIiwic2xpZGVzaG93IjoiZDEyNWRjZSJ9\">\n\t\t\t\t\t<div class=\"e-gallery-image elementor-gallery-item__image\" data-thumbnail=\"https:\/\/www.mountica.sk\/wp-content\/uploads\/2024\/02\/2.jpg\" data-width=\"768\" data-height=\"1024\" aria-label=\"\" role=\"img\" ><\/div>\n\t\t\t\t\t\t\t\t\t\t\t<div class=\"elementor-gallery-item__overlay\"><\/div>\n\t\t\t\t\t\t\t\t\t\t\t\t\t\t<\/a>\n\t\t\t\t\t\t\t<a class=\"e-gallery-item elementor-gallery-item elementor-animated-content\" href=\"https:\/\/www.mountica.sk\/wp-content\/uploads\/2024\/02\/4-scaled.jpg\" data-elementor-open-lightbox=\"yes\" data-elementor-lightbox-slideshow=\"d125dce\" data-elementor-lightbox-title=\"4\" data-e-action-hash=\"#elementor-action%3Aaction%3Dlightbox%26settings%3DeyJpZCI6MzIyMiwidXJsIjoiaHR0cHM6XC9cL3d3dy5tb3VudGljYS5za1wvd3AtY29udGVudFwvdXBsb2Fkc1wvMjAyNFwvMDJcLzQtc2NhbGVkLmpwZyIsInNsaWRlc2hvdyI6ImQxMjVkY2UifQ%3D%3D\">\n\t\t\t\t\t<div class=\"e-gallery-image elementor-gallery-item__image\" data-thumbnail=\"https:\/\/www.mountica.sk\/wp-content\/uploads\/2024\/02\/4-768x1024.jpg\" data-width=\"768\" data-height=\"1024\" aria-label=\"\" role=\"img\" ><\/div>\n\t\t\t\t\t\t\t\t\t\t\t<div class=\"elementor-gallery-item__overlay\"><\/div>\n\t\t\t\t\t\t\t\t\t\t\t\t\t\t<\/a>\n\t\t\t\t\t\t\t<a class=\"e-gallery-item elementor-gallery-item elementor-animated-content\" href=\"https:\/\/www.mountica.sk\/wp-content\/uploads\/2024\/02\/3-scaled.jpg\" data-elementor-open-lightbox=\"yes\" data-elementor-lightbox-slideshow=\"d125dce\" data-elementor-lightbox-title=\"3\" data-e-action-hash=\"#elementor-action%3Aaction%3Dlightbox%26settings%3DeyJpZCI6MzIyMCwidXJsIjoiaHR0cHM6XC9cL3d3dy5tb3VudGljYS5za1wvd3AtY29udGVudFwvdXBsb2Fkc1wvMjAyNFwvMDJcLzMtc2NhbGVkLmpwZyIsInNsaWRlc2hvdyI6ImQxMjVkY2UifQ%3D%3D\">\n\t\t\t\t\t<div class=\"e-gallery-image elementor-gallery-item__image\" data-thumbnail=\"https:\/\/www.mountica.sk\/wp-content\/uploads\/2024\/02\/3-768x576.jpg\" data-width=\"768\" data-height=\"576\" aria-label=\"\" role=\"img\" ><\/div>\n\t\t\t\t\t\t\t\t\t\t\t<div class=\"elementor-gallery-item__overlay\"><\/div>\n\t\t\t\t\t\t\t\t\t\t\t\t\t\t<\/a>\n\t\t\t\t\t<\/div>\n\t\t\t\t\t<\/div>\n\t\t\t\t<\/div>\n\t\t\t\t\t<\/div>\n\t\t\t\t<\/div>\n\t\t\t\t<\/div>\n\t\t","protected":false},"excerpt":{"rendered":"<p>TATRY WYSOKIE Tatrza\u0144ska \u0141omnica Otwarcie wkr\u00f3tce &#8211; obserwuj nas !<\/p>\n","protected":false},"author":1,"featured_media":0,"parent":0,"menu_order":0,"comment_status":"closed","ping_status":"closed","template":"elementor_header_footer","meta":{"footnotes":""},"class_list":["post-3388","page","type-page","status-publish","hentry"],"yoast_head":"<!-- This site is optimized with the Yoast SEO plugin v25.3 - https:\/\/yoast.com\/wordpress\/plugins\/seo\/ -->\n<title>Tatrza\u0144ska \u0141omnica - mountica.sk<\/title>\n<meta name=\"robots\" content=\"index, follow, max-snippet:-1, max-image-preview:large, max-video-preview:-1\" \/>\n<link rel=\"canonical\" href=\"https:\/\/www.mountica.sk\/pl\/tatrzanska-lomnica\/\" \/>\n<meta property=\"og:locale\" content=\"pl_PL\" \/>\n<meta property=\"og:type\" content=\"article\" \/>\n<meta property=\"og:title\" content=\"Tatrza\u0144ska \u0141omnica - mountica.sk\" \/>\n<meta property=\"og:description\" content=\"TATRY WYSOKIE Tatrza\u0144ska \u0141omnica Otwarcie wkr\u00f3tce &#8211; obserwuj nas !\" \/>\n<meta property=\"og:url\" content=\"https:\/\/www.mountica.sk\/pl\/tatrzanska-lomnica\/\" \/>\n<meta property=\"og:site_name\" content=\"mountica.sk\" \/>\n<meta property=\"article:publisher\" content=\"https:\/\/www.facebook.com\/mountica.sk\" \/>\n<meta property=\"article:modified_time\" content=\"2024-02-18T16:40:06+00:00\" \/>\n<meta name=\"twitter:card\" content=\"summary_large_image\" \/>\n<script type=\"application\/ld+json\" class=\"yoast-schema-graph\">{\"@context\":\"https:\/\/schema.org\",\"@graph\":[{\"@type\":\"WebPage\",\"@id\":\"https:\/\/www.mountica.sk\/pl\/tatrzanska-lomnica\/\",\"url\":\"https:\/\/www.mountica.sk\/pl\/tatrzanska-lomnica\/\",\"name\":\"Tatrza\u0144ska \u0141omnica - mountica.sk\",\"isPartOf\":{\"@id\":\"https:\/\/www.mountica.sk\/#website\"},\"datePublished\":\"2023-01-23T17:09:23+00:00\",\"dateModified\":\"2024-02-18T16:40:06+00:00\",\"breadcrumb\":{\"@id\":\"https:\/\/www.mountica.sk\/pl\/tatrzanska-lomnica\/#breadcrumb\"},\"inLanguage\":\"pl-PL\",\"potentialAction\":[{\"@type\":\"ReadAction\",\"target\":[\"https:\/\/www.mountica.sk\/pl\/tatrzanska-lomnica\/\"]}]},{\"@type\":\"BreadcrumbList\",\"@id\":\"https:\/\/www.mountica.sk\/pl\/tatrzanska-lomnica\/#breadcrumb\",\"itemListElement\":[{\"@type\":\"ListItem\",\"position\":1,\"name\":\"Home\",\"item\":\"https:\/\/www.mountica.sk\/pl\/apartamenty-wielka-lomnica\/\"},{\"@type\":\"ListItem\",\"position\":2,\"name\":\"Tatrza\u0144ska \u0141omnica\"}]},{\"@type\":\"WebSite\",\"@id\":\"https:\/\/www.mountica.sk\/#website\",\"url\":\"https:\/\/www.mountica.sk\/\",\"name\":\"mountica.sk\",\"description\":\"Pr\u00edroda, relax \u010di \u0161port po\u010das cel\u00e9ho roka\",\"publisher\":{\"@id\":\"https:\/\/www.mountica.sk\/#organization\"},\"potentialAction\":[{\"@type\":\"SearchAction\",\"target\":{\"@type\":\"EntryPoint\",\"urlTemplate\":\"https:\/\/www.mountica.sk\/?s={search_term_string}\"},\"query-input\":{\"@type\":\"PropertyValueSpecification\",\"valueRequired\":true,\"valueName\":\"search_term_string\"}}],\"inLanguage\":\"pl-PL\"},{\"@type\":\"Organization\",\"@id\":\"https:\/\/www.mountica.sk\/#organization\",\"name\":\"Mountica TOP Apartments\",\"url\":\"https:\/\/www.mountica.sk\/\",\"logo\":{\"@type\":\"ImageObject\",\"inLanguage\":\"pl-PL\",\"@id\":\"https:\/\/www.mountica.sk\/#\/schema\/logo\/image\/\",\"url\":\"https:\/\/www.mountica.sk\/wp-content\/uploads\/2023\/08\/logo-Mountica-TA-GREEN-WEB-196px.jpg\",\"contentUrl\":\"https:\/\/www.mountica.sk\/wp-content\/uploads\/2023\/08\/logo-Mountica-TA-GREEN-WEB-196px.jpg\",\"width\":196,\"height\":196,\"caption\":\"Mountica TOP Apartments\"},\"image\":{\"@id\":\"https:\/\/www.mountica.sk\/#\/schema\/logo\/image\/\"},\"sameAs\":[\"https:\/\/www.facebook.com\/mountica.sk\",\"https:\/\/www.instagram.com\/mounticask\/\"]}]}<\/script>\n<!-- \/ Yoast SEO plugin. -->","yoast_head_json":{"title":"Tatrza\u0144ska \u0141omnica - mountica.sk","robots":{"index":"index","follow":"follow","max-snippet":"max-snippet:-1","max-image-preview":"max-image-preview:large","max-video-preview":"max-video-preview:-1"},"canonical":"https:\/\/www.mountica.sk\/pl\/tatrzanska-lomnica\/","og_locale":"pl_PL","og_type":"article","og_title":"Tatrza\u0144ska \u0141omnica - mountica.sk","og_description":"TATRY WYSOKIE Tatrza\u0144ska \u0141omnica Otwarcie wkr\u00f3tce &#8211; obserwuj nas !","og_url":"https:\/\/www.mountica.sk\/pl\/tatrzanska-lomnica\/","og_site_name":"mountica.sk","article_publisher":"https:\/\/www.facebook.com\/mountica.sk","article_modified_time":"2024-02-18T16:40:06+00:00","twitter_card":"summary_large_image","schema":{"@context":"https:\/\/schema.org","@graph":[{"@type":"WebPage","@id":"https:\/\/www.mountica.sk\/pl\/tatrzanska-lomnica\/","url":"https:\/\/www.mountica.sk\/pl\/tatrzanska-lomnica\/","name":"Tatrza\u0144ska \u0141omnica - mountica.sk","isPartOf":{"@id":"https:\/\/www.mountica.sk\/#website"},"datePublished":"2023-01-23T17:09:23+00:00","dateModified":"2024-02-18T16:40:06+00:00","breadcrumb":{"@id":"https:\/\/www.mountica.sk\/pl\/tatrzanska-lomnica\/#breadcrumb"},"inLanguage":"pl-PL","potentialAction":[{"@type":"ReadAction","target":["https:\/\/www.mountica.sk\/pl\/tatrzanska-lomnica\/"]}]},{"@type":"BreadcrumbList","@id":"https:\/\/www.mountica.sk\/pl\/tatrzanska-lomnica\/#breadcrumb","itemListElement":[{"@type":"ListItem","position":1,"name":"Home","item":"https:\/\/www.mountica.sk\/pl\/apartamenty-wielka-lomnica\/"},{"@type":"ListItem","position":2,"name":"Tatrza\u0144ska \u0141omnica"}]},{"@type":"WebSite","@id":"https:\/\/www.mountica.sk\/#website","url":"https:\/\/www.mountica.sk\/","name":"mountica.sk","description":"Pr\u00edroda, relax \u010di \u0161port po\u010das cel\u00e9ho roka","publisher":{"@id":"https:\/\/www.mountica.sk\/#organization"},"potentialAction":[{"@type":"SearchAction","target":{"@type":"EntryPoint","urlTemplate":"https:\/\/www.mountica.sk\/?s={search_term_string}"},"query-input":{"@type":"PropertyValueSpecification","valueRequired":true,"valueName":"search_term_string"}}],"inLanguage":"pl-PL"},{"@type":"Organization","@id":"https:\/\/www.mountica.sk\/#organization","name":"Mountica TOP Apartments","url":"https:\/\/www.mountica.sk\/","logo":{"@type":"ImageObject","inLanguage":"pl-PL","@id":"https:\/\/www.mountica.sk\/#\/schema\/logo\/image\/","url":"https:\/\/www.mountica.sk\/wp-content\/uploads\/2023\/08\/logo-Mountica-TA-GREEN-WEB-196px.jpg","contentUrl":"https:\/\/www.mountica.sk\/wp-content\/uploads\/2023\/08\/logo-Mountica-TA-GREEN-WEB-196px.jpg","width":196,"height":196,"caption":"Mountica TOP Apartments"},"image":{"@id":"https:\/\/www.mountica.sk\/#\/schema\/logo\/image\/"},"sameAs":["https:\/\/www.facebook.com\/mountica.sk","https:\/\/www.instagram.com\/mounticask\/"]}]}},"_links":{"self":[{"href":"https:\/\/www.mountica.sk\/pl\/wp-json\/wp\/v2\/pages\/3388","targetHints":{"allow":["GET"]}}],"collection":[{"href":"https:\/\/www.mountica.sk\/pl\/wp-json\/wp\/v2\/pages"}],"about":[{"href":"https:\/\/www.mountica.sk\/pl\/wp-json\/wp\/v2\/types\/page"}],"author":[{"embeddable":true,"href":"https:\/\/www.mountica.sk\/pl\/wp-json\/wp\/v2\/users\/1"}],"replies":[{"embeddable":true,"href":"https:\/\/www.mountica.sk\/pl\/wp-json\/wp\/v2\/comments?post=3388"}],"version-history":[{"count":1,"href":"https:\/\/www.mountica.sk\/pl\/wp-json\/wp\/v2\/pages\/3388\/revisions"}],"predecessor-version":[{"id":3389,"href":"https:\/\/www.mountica.sk\/pl\/wp-json\/wp\/v2\/pages\/3388\/revisions\/3389"}],"wp:attachment":[{"href":"https:\/\/www.mountica.sk\/pl\/wp-json\/wp\/v2\/media?parent=3388"}],"curies":[{"name":"wp","href":"https:\/\/api.w.org\/{rel}","templated":true}]}}